{"id":4483,"date":"2023-05-04T08:35:57","date_gmt":"2023-05-04T05:35:57","guid":{"rendered":"https:\/\/yliopistovalinnat.fi\/usein-kysyttya-digitaalisista-valintakokeista-vallu-valintakoepalvelu"},"modified":"2026-03-09T12:48:59","modified_gmt":"2026-03-09T10:48:59","slug":"vanliga_fragor_om_digitala_urvalsprov-vallu-tjansten_for_urvalsprov","status":"publish","type":"page","link":"https:\/\/yliopistovalinnat.fi\/sv\/vanliga_fragor_om_digitala_urvalsprov-vallu-tjansten_for_urvalsprov","title":{"rendered":"Vanliga fr\u00e5gor om digitala urvalsprov"},"content":{"rendered":"[vc_row type=&#8221;full_width_background&#8221; full_screen_row_position=&#8221;middle&#8221; column_margin=&#8221;default&#8221; column_direction=&#8221;default&#8221; column_direction_tablet=&#8221;default&#8221; column_direction_phone=&#8221;default&#8221; bg_color=&#8221;#f7f7f7&#8243; bg_image=&#8221;63&#8243; bg_image_type=&#8221;default&#8221; bg_position=&#8221;left top&#8221; background_image_loading=&#8221;default&#8221; bg_repeat=&#8221;no-repeat&#8221; scene_position=&#8221;center&#8221; top_padding=&#8221;2%&#8221; constrain_group_1=&#8221;yes&#8221; bottom_padding=&#8221;2%&#8221; bottom_padding_phone=&#8221;9&#8243; text_color=&#8221;dark&#8221; text_align=&#8221;left&#8221; row_border_radius=&#8221;none&#8221; row_border_radius_applies=&#8221;bg&#8221; row_position_desktop=&#8221;default&#8221; row_position_tablet=&#8221;inherit&#8221; row_position_phone=&#8221;inherit&#8221; overflow=&#8221;visible&#8221; overlay_strength=&#8221;0.3&#8243; gradient_direction=&#8221;left_to_right&#8221; shape_divider_position=&#8221;bottom&#8221; bg_image_animation=&#8221;none&#8221; gradient_type=&#8221;default&#8221; shape_type=&#8221;&#8221;][vc_column column_padding=&#8221;padding-3-percent&#8221; column_padding_tablet=&#8221;inherit&#8221; column_padding_phone=&#8221;inherit&#8221; column_padding_position=&#8221;all&#8221; flex_gap_desktop=&#8221;10px&#8221; column_element_direction_desktop=&#8221;default&#8221; column_element_spacing=&#8221;default&#8221; desktop_text_alignment=&#8221;default&#8221; tablet_text_alignment=&#8221;default&#8221; phone_text_alignment=&#8221;default&#8221; background_color_opacity=&#8221;1&#8243; background_hover_color_opacity=&#8221;1&#8243; column_backdrop_filter=&#8221;none&#8221; column_shadow=&#8221;none&#8221; column_border_radius=&#8221;none&#8221; column_link_target=&#8221;_self&#8221; column_position=&#8221;default&#8221; gradient_direction=&#8221;left_to_right&#8221; overlay_strength=&#8221;0.3&#8243; width=&#8221;1\/1&#8243; tablet_width_inherit=&#8221;default&#8221; animation_type=&#8221;default&#8221; bg_image_animation=&#8221;none&#8221; border_type=&#8221;simple&#8221; column_border_width=&#8221;none&#8221; column_border_style=&#8221;solid&#8221; column_padding_type=&#8221;default&#8221; gradient_type=&#8221;default&#8221;][vc_custom_heading text=&#8221;Vanliga fr\u00e5gor om digitala urvalsprov&#8221; font_container=&#8221;tag:h1|text_align:left|color:%23032b45&#8243; use_theme_fonts=&#8221;yes&#8221; css=&#8221;&#8221;][\/vc_column][\/vc_row][vc_row type=&#8221;in_container&#8221; full_screen_row_position=&#8221;middle&#8221; column_margin=&#8221;default&#8221; equal_height=&#8221;yes&#8221; content_placement=&#8221;top&#8221; column_direction=&#8221;default&#8221; column_direction_tablet=&#8221;default&#8221; column_direction_phone=&#8221;default&#8221; scene_position=&#8221;center&#8221; top_padding=&#8221;4%&#8221; right_margin=&#8221;30%&#8221; text_color=&#8221;dark&#8221; text_align=&#8221;left&#8221; row_border_radius=&#8221;none&#8221; row_border_radius_applies=&#8221;bg&#8221; row_position_desktop=&#8221;default&#8221; row_position_tablet=&#8221;inherit&#8221; row_position_phone=&#8221;inherit&#8221; overflow=&#8221;visible&#8221; class=&#8221;linkki&#8221; overlay_strength=&#8221;0.3&#8243; gradient_direction=&#8221;left_to_right&#8221; shape_divider_position=&#8221;bottom&#8221; bg_image_animation=&#8221;none&#8221; gradient_type=&#8221;default&#8221; shape_type=&#8221;&#8221;][vc_column column_padding=&#8221;padding-4-percent&#8221; column_padding_tablet=&#8221;inherit&#8221; column_padding_phone=&#8221;inherit&#8221; column_padding_position=&#8221;all&#8221; flex_gap_desktop=&#8221;10px&#8221; column_element_direction_desktop=&#8221;default&#8221; column_element_spacing=&#8221;default&#8221; desktop_text_alignment=&#8221;default&#8221; tablet_text_alignment=&#8221;default&#8221; phone_text_alignment=&#8221;default&#8221; background_color=&#8221;#f7f7f7&#8243; background_color_opacity=&#8221;1&#8243; background_hover_color_opacity=&#8221;1&#8243; column_backdrop_filter=&#8221;none&#8221; column_shadow=&#8221;none&#8221; column_border_radius=&#8221;none&#8221; column_link_target=&#8221;_self&#8221; column_position=&#8221;default&#8221; el_class=&#8221;linkki&#8221; gradient_direction=&#8221;left_to_right&#8221; overlay_strength=&#8221;0.3&#8243; width=&#8221;1\/2&#8243; tablet_width_inherit=&#8221;default&#8221; animation_type=&#8221;default&#8221; bg_image_animation=&#8221;none&#8221; border_type=&#8221;simple&#8221; column_border_width=&#8221;none&#8221; column_border_style=&#8221;solid&#8221; column_padding_type=&#8221;default&#8221; gradient_type=&#8221;default&#8221;][vc_column_text css=&#8221;&#8221; el_class=&#8221;lista&#8221; text_direction=&#8221;default&#8221;]P\u00e5 den h\u00e4r sidan \u00e4r samlat vanliga fr\u00e5gor om digitala urvalsprov. N\u00e4rmare anvisningar hittar du p\u00e5 webbplatsen <a href=\"https:\/\/yliopistovalinnat.fi\/sv\/urvalsprov\/anvisningar-for-det-digitala-urvalsprovet-vallu-tjansten-for-urvalsprov\">Anvisningar f\u00f6r det digitala urvalsprovet 2026<\/a>.<\/p>\n<p><a class=\"fui-Link ___1qmgydl f3rmtva f1ewtqcl fyind8e f1k6fduh f1w7gpdv fk6fouc fjoy568 figsok6 f1hu3pq6 f11qmguv f19f4twv f1tyq0we f1g0x7ka fhxju0i f1qch9an f1cnd47f fqv5qza f1vmzxwi f1o700av f13mvf36 f1cmlufx f9n3di6 f1ids18y f1tx3yz7 f1deo86v f1eh06m1 f1iescvh ftqa4ok f2hkw1w fhgqx19 f1olyrje f1p93eir f1h8hb77 f1x7u7e9 f10aw75t fsle3fq\" title=\"https:\/\/yliopistovalinnat.fi\/sv\/kontaktuppgifter\" href=\"https:\/\/yliopistovalinnat.fi\/sv\/kontaktuppgifter\" target=\"_blank\" rel=\"noreferrer noopener\" aria-label=\"Link Universitetens ans\u00f6kningsservice\">Universitetens ans\u00f6kningsservice<\/a> hj\u00e4lper ocks\u00e5 i fr\u00e5gor som g\u00e4ller digitala urvalsprov.[\/vc_column_text][\/vc_column][vc_column column_padding=&#8221;padding-4-percent&#8221; column_padding_tablet=&#8221;inherit&#8221; column_padding_phone=&#8221;inherit&#8221; column_padding_position=&#8221;all&#8221; flex_gap_desktop=&#8221;10px&#8221; column_element_direction_desktop=&#8221;default&#8221; column_element_spacing=&#8221;default&#8221; desktop_text_alignment=&#8221;default&#8221; tablet_text_alignment=&#8221;default&#8221; phone_text_alignment=&#8221;default&#8221; background_color_opacity=&#8221;1&#8243; background_hover_color_opacity=&#8221;1&#8243; background_image=&#8221;3954&#8243; background_image_type=&#8221;default&#8221; background_image_position=&#8221;center top&#8221; background_image_stacking=&#8221;default&#8221; enable_bg_scale=&#8221;true&#8221; background_image_loading=&#8221;default&#8221; column_backdrop_filter=&#8221;none&#8221; column_shadow=&#8221;none&#8221; column_border_radius=&#8221;none&#8221; column_link_target=&#8221;_self&#8221; column_position=&#8221;default&#8221; gradient_direction=&#8221;left_to_right&#8221; overlay_strength=&#8221;0.3&#8243; width=&#8221;1\/2&#8243; tablet_width_inherit=&#8221;default&#8221; animation_type=&#8221;default&#8221; bg_image_animation=&#8221;none&#8221; border_type=&#8221;simple&#8221; column_border_width=&#8221;none&#8221; column_border_style=&#8221;solid&#8221; column_padding_type=&#8221;default&#8221; gradient_type=&#8221;default&#8221;][divider line_type=&#8221;No Line&#8221; custom_height=&#8221;20&#8243;][\/vc_column][\/vc_row][vc_row type=&#8221;in_container&#8221; full_screen_row_position=&#8221;middle&#8221; column_margin=&#8221;default&#8221; column_direction=&#8221;default&#8221; column_direction_tablet=&#8221;default&#8221; column_direction_phone=&#8221;default&#8221; scene_position=&#8221;center&#8221; bottom_padding=&#8221;5%&#8221; text_color=&#8221;dark&#8221; text_align=&#8221;left&#8221; row_border_radius=&#8221;none&#8221; row_border_radius_applies=&#8221;bg&#8221; row_position_desktop=&#8221;default&#8221; row_position_tablet=&#8221;inherit&#8221; row_position_phone=&#8221;inherit&#8221; overflow=&#8221;visible&#8221; class=&#8221;linkki&#8221; id=&#8221;_Vanliga_fragor&#8221; overlay_strength=&#8221;0.3&#8243; gradient_direction=&#8221;left_to_right&#8221; shape_divider_position=&#8221;bottom&#8221; bg_image_animation=&#8221;none&#8221; gradient_type=&#8221;default&#8221; shape_type=&#8221;&#8221;][vc_column column_padding=&#8221;no-extra-padding&#8221; column_padding_tablet=&#8221;inherit&#8221; column_padding_phone=&#8221;inherit&#8221; column_padding_position=&#8221;all&#8221; flex_gap_desktop=&#8221;10px&#8221; column_element_direction_desktop=&#8221;default&#8221; column_element_spacing=&#8221;default&#8221; desktop_text_alignment=&#8221;default&#8221; tablet_text_alignment=&#8221;default&#8221; phone_text_alignment=&#8221;default&#8221; background_color_opacity=&#8221;1&#8243; background_hover_color_opacity=&#8221;1&#8243; column_backdrop_filter=&#8221;none&#8221; column_shadow=&#8221;none&#8221; column_border_radius=&#8221;none&#8221; column_link_target=&#8221;_self&#8221; max_width_desktop=&#8221;900&#8243; column_position=&#8221;default&#8221; gradient_direction=&#8221;left_to_right&#8221; overlay_strength=&#8221;0.3&#8243; width=&#8221;1\/1&#8243; tablet_width_inherit=&#8221;default&#8221; animation_type=&#8221;default&#8221; bg_image_animation=&#8221;none&#8221; border_type=&#8221;simple&#8221; column_border_width=&#8221;none&#8221; column_border_style=&#8221;solid&#8221; column_padding_type=&#8221;default&#8221; gradient_type=&#8221;default&#8221;][toggles style=&#8221;minimal&#8221;][toggle color=&#8221;Default&#8221; heading_tag=&#8221;default&#8221; heading_tag_functionality=&#8221;default&#8221; title=&#8221;Kan man delta i urvalsprovet med en b\u00e4rbar dator med peksk\u00e4rm?&#8221;][vc_column_text css=&#8221;&#8221; text_direction=&#8221;default&#8221;]<span class=\"TextRun SCXW76832631 BCX0\" lang=\"SV-SE\" xml:lang=\"SV-SE\" data-contrast=\"auto\"><span class=\"NormalTextRun SCXW76832631 BCX0\">Ja, det kan man. Kom dock ih\u00e5g att kontrollera att din dator uppfyller krav p\u00e5 utrustning n\u00e4r det g\u00e4ller operativsystemet och webbl\u00e4saren.<\/span><\/span><span class=\"EOP SCXW76832631 BCX0\" data-ccp-props=\"{}\">\u00a0<\/span>[\/vc_column_text][\/toggle][toggle color=&#8221;Default&#8221; heading_tag=&#8221;default&#8221; heading_tag_functionality=&#8221;default&#8221; title=&#8221;Kan jag anv\u00e4nda internet, Word-textbehandlingsprogram eller andra datorprogram under urvalsprovet?&#8221;][vc_column_text css=&#8221;&#8221; text_direction=&#8221;default&#8221;]<span class=\"TextRun SCXW100594380 BCX0\" lang=\"SV-SE\" xml:lang=\"SV-SE\" data-contrast=\"auto\"><span class=\"NormalTextRun SCXW100594380 BCX0\">Det kan du inte<\/span><span class=\"NormalTextRun SCXW100594380 BCX0\">.\u00a0<\/span><\/span><span class=\"TextRun SCXW100594380 BCX0\" lang=\"SV-FI\" xml:lang=\"SV-FI\" data-contrast=\"auto\"><span class=\"NormalTextRun SCXW100594380 BCX0\">Under provet f\u00e5r du endast ha\u202furvalsprovsystemet<\/span><span class=\"NormalTextRun SCXW100594380 BCX0\">\u00a0<\/span><span class=\"NormalTextRun SCXW100594380 BCX0\">\u00f6ppet\u202fsamt de\u00a0<\/span><span class=\"NormalTextRun SCXW100594380 BCX0\">m\u00f6jliga\u00a0<\/span><span class=\"NormalTextRun SCXW100594380 BCX0\">separata materialfiler som \u00f6ppnas i systemet.<\/span><\/span><span class=\"EOP SCXW100594380 BCX0\" data-ccp-props=\"{}\">\u00a0<\/span>[\/vc_column_text][\/toggle][toggle color=&#8221;Default&#8221; heading_tag=&#8221;default&#8221; heading_tag_functionality=&#8221;default&#8221; title=&#8221;Hur har tillg\u00e4ngligheten beaktats i det digitala urvalsprovet?&#8221;][vc_column_text css=&#8221;&#8221; text_direction=&#8221;default&#8221;]Du kan beviljas individuella arrangemang f\u00f6r urvalsprovet av till exempel h\u00e4lsosk\u00e4l. L\u00e4s mer om hur man ans\u00f6ker om individuella arrangemang p\u00e5 webbplatsen <a href=\"https:\/\/yliopistovalinnat.fi\/sv\/urvalsprov\/individuella-arrangemang\">Individuella arrangemang vid urvalsprov<\/a>.[\/vc_column_text][\/toggle][toggle color=&#8221;Default&#8221; heading_tag=&#8221;default&#8221; heading_tag_functionality=&#8221;default&#8221; title=&#8221;Vad g\u00f6r jag om jag har tekniska problem under urvalsprovet?&#8221;][vc_column_text css=&#8221;&#8221; text_direction=&#8221;default&#8221;]<span class=\"TextRun SCXW138423040 BCX0\" lang=\"SV-SE\" xml:lang=\"SV-SE\" data-contrast=\"auto\"><span class=\"NormalTextRun SCXW138423040 BCX0\">\u00d6vervakarna hj\u00e4lper med tekniska problem. Om du har tekniska problem, kontakta omedelbart en \u00f6vervakare.<\/span><span class=\"NormalTextRun SCXW138423040 BCX0\">\u00a0<\/span><\/span>[\/vc_column_text][\/toggle][toggle color=&#8221;Default&#8221; heading_tag=&#8221;default&#8221; heading_tag_functionality=&#8221;default&#8221; title=&#8221;Hur mycket tid ska jag reservera f\u00f6r att delta i urvalsprovet?&#8221;][vc_column_text css=&#8221;&#8221; text_direction=&#8221;default&#8221;]<span data-contrast=\"auto\">Du ansvarar sj\u00e4lv f\u00f6r att du befinner dig p\u00e5 provplatsen i tid. <strong>Om du kommer f\u00f6r sent f\u00e5r du inte delta i urvalsprovet<\/strong>. Kolla upp kollektivtrafikens tidtabeller, eventuella trafikstockningar och parkeringsm\u00f6jligheterna i god tid p\u00e5 f\u00f6rhand.<\/span><span data-ccp-props=\"{}\">\u00a0<\/span><\/p>\n<p><span data-contrast=\"auto\">Avslutandet av urvalsprovet kan dra ut p\u00e5 tiden till exempel till f\u00f6ljd av tekniska problem. Beakta det n\u00e4r du planerar hemresan.<\/span><span data-ccp-props=\"{}\">\u00a0<\/span>[\/vc_column_text][\/toggle][\/toggles][\/vc_column][\/vc_row][vc_row type=&#8221;in_container&#8221; full_screen_row_position=&#8221;middle&#8221; column_margin=&#8221;default&#8221; column_direction=&#8221;default&#8221; column_direction_tablet=&#8221;default&#8221; column_direction_phone=&#8221;default&#8221; scene_position=&#8221;center&#8221; text_color=&#8221;dark&#8221; text_align=&#8221;left&#8221; row_border_radius=&#8221;none&#8221; row_border_radius_applies=&#8221;bg&#8221; row_position_desktop=&#8221;default&#8221; row_position_tablet=&#8221;inherit&#8221; row_position_phone=&#8221;inherit&#8221; overflow=&#8221;visible&#8221; overlay_strength=&#8221;0.3&#8243; gradient_direction=&#8221;left_to_right&#8221; shape_divider_position=&#8221;bottom&#8221; bg_image_animation=&#8221;none&#8221;][vc_column column_padding=&#8221;no-extra-padding&#8221; column_padding_tablet=&#8221;inherit&#8221; column_padding_phone=&#8221;inherit&#8221; column_padding_position=&#8221;all&#8221; flex_gap_desktop=&#8221;10px&#8221; column_element_direction_desktop=&#8221;default&#8221; column_element_spacing=&#8221;default&#8221; desktop_text_alignment=&#8221;default&#8221; tablet_text_alignment=&#8221;default&#8221; phone_text_alignment=&#8221;default&#8221; background_color_opacity=&#8221;1&#8243; background_hover_color_opacity=&#8221;1&#8243; column_backdrop_filter=&#8221;none&#8221; column_shadow=&#8221;none&#8221; column_border_radius=&#8221;none&#8221; column_link_target=&#8221;_self&#8221; column_position=&#8221;default&#8221; gradient_direction=&#8221;left_to_right&#8221; overlay_strength=&#8221;0.3&#8243; width=&#8221;1\/1&#8243; tablet_width_inherit=&#8221;default&#8221; animation_type=&#8221;default&#8221; bg_image_animation=&#8221;none&#8221; border_type=&#8221;simple&#8221; column_border_width=&#8221;none&#8221; column_border_style=&#8221;solid&#8221;][\/vc_column][\/vc_row]\n","protected":false},"excerpt":{"rendered":"<p>[vc_row type=&#8221;full_width_background&#8221; full_screen_row_position=&#8221;middle&#8221; column_margin=&#8221;default&#8221; column_direction=&#8221;default&#8221; column_direction_tablet=&#8221;default&#8221; column_direction_phone=&#8221;default&#8221; bg_color=&#8221;#f7f7f7&#8243; bg_image=&#8221;63&#8243; bg_image_type=&#8221;default&#8221; bg_position=&#8221;left top&#8221; background_image_loading=&#8221;default&#8221; bg_repeat=&#8221;no-repeat&#8221; scene_position=&#8221;center&#8221; top_padding=&#8221;2%&#8221; constrain_group_1=&#8221;yes&#8221; bottom_padding=&#8221;2%&#8221; bottom_padding_phone=&#8221;9&#8243; text_color=&#8221;dark&#8221; text_align=&#8221;left&#8221; row_border_radius=&#8221;none&#8221; row_border_radius_applies=&#8221;bg&#8221; row_position_desktop=&#8221;default&#8221; row_position_tablet=&#8221;inherit&#8221; row_position_phone=&#8221;inherit&#8221; overflow=&#8221;visible&#8221; overlay_strength=&#8221;0.3&#8243; gradient_direction=&#8221;left_to_right&#8221; shape_divider_position=&#8221;bottom&#8221;&#8230;<\/p>\n","protected":false},"author":2,"featured_media":0,"parent":0,"menu_order":0,"comment_status":"closed","ping_status":"closed","template":"","meta":{"footnotes":""},"class_list":["post-4483","page","type-page","status-publish"],"yoast_head":"<!-- This site is optimized with the Yoast SEO plugin v27.4 - https:\/\/yoast.com\/product\/yoast-seo-wordpress\/ -->\n<title>Vanliga fr\u00e5gor om digitala urvalsprov - Yliopistovalinnat.fi<\/title>\n<meta name=\"robots\" content=\"index, follow, max-snippet:-1, max-image-preview:large, max-video-preview:-1\" \/>\n<link rel=\"canonical\" href=\"https:\/\/yliopistovalinnat.fi\/sv\/vanliga_fragor_om_digitala_urvalsprov-vallu-tjansten_for_urvalsprov\" \/>\n<meta property=\"og:locale\" content=\"sv_SE\" \/>\n<meta property=\"og:type\" content=\"article\" \/>\n<meta property=\"og:title\" content=\"Vanliga fr\u00e5gor om digitala urvalsprov - Yliopistovalinnat.fi\" \/>\n<meta property=\"og:description\" content=\"[vc_row type=&#8221;full_width_background&#8221; full_screen_row_position=&#8221;middle&#8221; column_margin=&#8221;default&#8221; column_direction=&#8221;default&#8221; column_direction_tablet=&#8221;default&#8221; column_direction_phone=&#8221;default&#8221; bg_color=&#8221;#f7f7f7&#8243; bg_image=&#8221;63&#8243; bg_image_type=&#8221;default&#8221; bg_position=&#8221;left top&#8221; background_image_loading=&#8221;default&#8221; bg_repeat=&#8221;no-repeat&#8221; scene_position=&#8221;center&#8221; top_padding=&#8221;2%&#8221; constrain_group_1=&#8221;yes&#8221; bottom_padding=&#8221;2%&#8221; bottom_padding_phone=&#8221;9&#8243; text_color=&#8221;dark&#8221; text_align=&#8221;left&#8221; row_border_radius=&#8221;none&#8221; row_border_radius_applies=&#8221;bg&#8221; row_position_desktop=&#8221;default&#8221; row_position_tablet=&#8221;inherit&#8221; row_position_phone=&#8221;inherit&#8221; overflow=&#8221;visible&#8221; overlay_strength=&#8221;0.3&#8243; gradient_direction=&#8221;left_to_right&#8221; shape_divider_position=&#8221;bottom&#8221;...\" \/>\n<meta property=\"og:url\" content=\"https:\/\/yliopistovalinnat.fi\/sv\/vanliga_fragor_om_digitala_urvalsprov-vallu-tjansten_for_urvalsprov\" \/>\n<meta property=\"og:site_name\" content=\"Yliopistovalinnat.fi\" \/>\n<meta property=\"article:modified_time\" content=\"2026-03-09T10:48:59+00:00\" \/>\n<meta name=\"twitter:card\" content=\"summary_large_image\" \/>\n<meta name=\"twitter:label1\" content=\"Ber\u00e4knad l\u00e4stid\" \/>\n\t<meta name=\"twitter:data1\" content=\"2 minuter\" \/>\n<script type=\"application\/ld+json\" class=\"yoast-schema-graph\">{\"@context\":\"https:\\\/\\\/schema.org\",\"@graph\":[{\"@type\":\"WebPage\",\"@id\":\"https:\\\/\\\/yliopistovalinnat.fi\\\/sv\\\/vanliga_fragor_om_digitala_urvalsprov-vallu-tjansten_for_urvalsprov\",\"url\":\"https:\\\/\\\/yliopistovalinnat.fi\\\/sv\\\/vanliga_fragor_om_digitala_urvalsprov-vallu-tjansten_for_urvalsprov\",\"name\":\"Vanliga fr\u00e5gor om digitala urvalsprov - Yliopistovalinnat.fi\",\"isPartOf\":{\"@id\":\"https:\\\/\\\/yliopistovalinnat.fi\\\/sv#website\"},\"datePublished\":\"2023-05-04T05:35:57+00:00\",\"dateModified\":\"2026-03-09T10:48:59+00:00\",\"breadcrumb\":{\"@id\":\"https:\\\/\\\/yliopistovalinnat.fi\\\/sv\\\/vanliga_fragor_om_digitala_urvalsprov-vallu-tjansten_for_urvalsprov#breadcrumb\"},\"inLanguage\":\"sv-SE\",\"potentialAction\":[{\"@type\":\"ReadAction\",\"target\":[\"https:\\\/\\\/yliopistovalinnat.fi\\\/sv\\\/vanliga_fragor_om_digitala_urvalsprov-vallu-tjansten_for_urvalsprov\"]}]},{\"@type\":\"BreadcrumbList\",\"@id\":\"https:\\\/\\\/yliopistovalinnat.fi\\\/sv\\\/vanliga_fragor_om_digitala_urvalsprov-vallu-tjansten_for_urvalsprov#breadcrumb\",\"itemListElement\":[{\"@type\":\"ListItem\",\"position\":1,\"name\":\"Etusivu\",\"item\":\"https:\\\/\\\/yliopistovalinnat.fi\\\/sv\"},{\"@type\":\"ListItem\",\"position\":2,\"name\":\"Vanliga fr\u00e5gor om digitala urvalsprov\"}]},{\"@type\":\"WebSite\",\"@id\":\"https:\\\/\\\/yliopistovalinnat.fi\\\/sv#website\",\"url\":\"https:\\\/\\\/yliopistovalinnat.fi\\\/sv\",\"name\":\"Yliopistovalinnat.fi\",\"description\":\"Yliopistojen opiskelijavalinnat\",\"publisher\":{\"@id\":\"https:\\\/\\\/yliopistovalinnat.fi\\\/sv#organization\"},\"potentialAction\":[{\"@type\":\"SearchAction\",\"target\":{\"@type\":\"EntryPoint\",\"urlTemplate\":\"https:\\\/\\\/yliopistovalinnat.fi\\\/sv?s={search_term_string}\"},\"query-input\":{\"@type\":\"PropertyValueSpecification\",\"valueRequired\":true,\"valueName\":\"search_term_string\"}}],\"inLanguage\":\"sv-SE\"},{\"@type\":\"Organization\",\"@id\":\"https:\\\/\\\/yliopistovalinnat.fi\\\/sv#organization\",\"name\":\"Yliopistovalinnat.fi\",\"url\":\"https:\\\/\\\/yliopistovalinnat.fi\\\/sv\",\"logo\":{\"@type\":\"ImageObject\",\"inLanguage\":\"sv-SE\",\"@id\":\"https:\\\/\\\/yliopistovalinnat.fi\\\/sv#\\\/schema\\\/logo\\\/image\\\/\",\"url\":\"https:\\\/\\\/yliopistovalinnat.fi\\\/wp-content\\\/uploads\\\/2022\\\/09\\\/yovalinnat_logo_512.png\",\"contentUrl\":\"https:\\\/\\\/yliopistovalinnat.fi\\\/wp-content\\\/uploads\\\/2022\\\/09\\\/yovalinnat_logo_512.png\",\"width\":512,\"height\":512,\"caption\":\"Yliopistovalinnat.fi\"},\"image\":{\"@id\":\"https:\\\/\\\/yliopistovalinnat.fi\\\/sv#\\\/schema\\\/logo\\\/image\\\/\"}}]}<\/script>\n<!-- \/ Yoast SEO plugin. -->","yoast_head_json":{"title":"Vanliga fr\u00e5gor om digitala urvalsprov - Yliopistovalinnat.fi","robots":{"index":"index","follow":"follow","max-snippet":"max-snippet:-1","max-image-preview":"max-image-preview:large","max-video-preview":"max-video-preview:-1"},"canonical":"https:\/\/yliopistovalinnat.fi\/sv\/vanliga_fragor_om_digitala_urvalsprov-vallu-tjansten_for_urvalsprov","og_locale":"sv_SE","og_type":"article","og_title":"Vanliga fr\u00e5gor om digitala urvalsprov - Yliopistovalinnat.fi","og_description":"[vc_row type=&#8221;full_width_background&#8221; full_screen_row_position=&#8221;middle&#8221; column_margin=&#8221;default&#8221; column_direction=&#8221;default&#8221; column_direction_tablet=&#8221;default&#8221; column_direction_phone=&#8221;default&#8221; bg_color=&#8221;#f7f7f7&#8243; bg_image=&#8221;63&#8243; bg_image_type=&#8221;default&#8221; bg_position=&#8221;left top&#8221; background_image_loading=&#8221;default&#8221; bg_repeat=&#8221;no-repeat&#8221; scene_position=&#8221;center&#8221; top_padding=&#8221;2%&#8221; constrain_group_1=&#8221;yes&#8221; bottom_padding=&#8221;2%&#8221; bottom_padding_phone=&#8221;9&#8243; text_color=&#8221;dark&#8221; text_align=&#8221;left&#8221; row_border_radius=&#8221;none&#8221; row_border_radius_applies=&#8221;bg&#8221; row_position_desktop=&#8221;default&#8221; row_position_tablet=&#8221;inherit&#8221; row_position_phone=&#8221;inherit&#8221; overflow=&#8221;visible&#8221; overlay_strength=&#8221;0.3&#8243; gradient_direction=&#8221;left_to_right&#8221; shape_divider_position=&#8221;bottom&#8221;...","og_url":"https:\/\/yliopistovalinnat.fi\/sv\/vanliga_fragor_om_digitala_urvalsprov-vallu-tjansten_for_urvalsprov","og_site_name":"Yliopistovalinnat.fi","article_modified_time":"2026-03-09T10:48:59+00:00","twitter_card":"summary_large_image","twitter_misc":{"Ber\u00e4knad l\u00e4stid":"2 minuter"},"schema":{"@context":"https:\/\/schema.org","@graph":[{"@type":"WebPage","@id":"https:\/\/yliopistovalinnat.fi\/sv\/vanliga_fragor_om_digitala_urvalsprov-vallu-tjansten_for_urvalsprov","url":"https:\/\/yliopistovalinnat.fi\/sv\/vanliga_fragor_om_digitala_urvalsprov-vallu-tjansten_for_urvalsprov","name":"Vanliga fr\u00e5gor om digitala urvalsprov - Yliopistovalinnat.fi","isPartOf":{"@id":"https:\/\/yliopistovalinnat.fi\/sv#website"},"datePublished":"2023-05-04T05:35:57+00:00","dateModified":"2026-03-09T10:48:59+00:00","breadcrumb":{"@id":"https:\/\/yliopistovalinnat.fi\/sv\/vanliga_fragor_om_digitala_urvalsprov-vallu-tjansten_for_urvalsprov#breadcrumb"},"inLanguage":"sv-SE","potentialAction":[{"@type":"ReadAction","target":["https:\/\/yliopistovalinnat.fi\/sv\/vanliga_fragor_om_digitala_urvalsprov-vallu-tjansten_for_urvalsprov"]}]},{"@type":"BreadcrumbList","@id":"https:\/\/yliopistovalinnat.fi\/sv\/vanliga_fragor_om_digitala_urvalsprov-vallu-tjansten_for_urvalsprov#breadcrumb","itemListElement":[{"@type":"ListItem","position":1,"name":"Etusivu","item":"https:\/\/yliopistovalinnat.fi\/sv"},{"@type":"ListItem","position":2,"name":"Vanliga fr\u00e5gor om digitala urvalsprov"}]},{"@type":"WebSite","@id":"https:\/\/yliopistovalinnat.fi\/sv#website","url":"https:\/\/yliopistovalinnat.fi\/sv","name":"Yliopistovalinnat.fi","description":"Yliopistojen opiskelijavalinnat","publisher":{"@id":"https:\/\/yliopistovalinnat.fi\/sv#organization"},"potentialAction":[{"@type":"SearchAction","target":{"@type":"EntryPoint","urlTemplate":"https:\/\/yliopistovalinnat.fi\/sv?s={search_term_string}"},"query-input":{"@type":"PropertyValueSpecification","valueRequired":true,"valueName":"search_term_string"}}],"inLanguage":"sv-SE"},{"@type":"Organization","@id":"https:\/\/yliopistovalinnat.fi\/sv#organization","name":"Yliopistovalinnat.fi","url":"https:\/\/yliopistovalinnat.fi\/sv","logo":{"@type":"ImageObject","inLanguage":"sv-SE","@id":"https:\/\/yliopistovalinnat.fi\/sv#\/schema\/logo\/image\/","url":"https:\/\/yliopistovalinnat.fi\/wp-content\/uploads\/2022\/09\/yovalinnat_logo_512.png","contentUrl":"https:\/\/yliopistovalinnat.fi\/wp-content\/uploads\/2022\/09\/yovalinnat_logo_512.png","width":512,"height":512,"caption":"Yliopistovalinnat.fi"},"image":{"@id":"https:\/\/yliopistovalinnat.fi\/sv#\/schema\/logo\/image\/"}}]}},"_links":{"self":[{"href":"https:\/\/yliopistovalinnat.fi\/sv\/wp-json\/wp\/v2\/pages\/4483","targetHints":{"allow":["GET"]}}],"collection":[{"href":"https:\/\/yliopistovalinnat.fi\/sv\/wp-json\/wp\/v2\/pages"}],"about":[{"href":"https:\/\/yliopistovalinnat.fi\/sv\/wp-json\/wp\/v2\/types\/page"}],"author":[{"embeddable":true,"href":"https:\/\/yliopistovalinnat.fi\/sv\/wp-json\/wp\/v2\/users\/2"}],"replies":[{"embeddable":true,"href":"https:\/\/yliopistovalinnat.fi\/sv\/wp-json\/wp\/v2\/comments?post=4483"}],"version-history":[{"count":15,"href":"https:\/\/yliopistovalinnat.fi\/sv\/wp-json\/wp\/v2\/pages\/4483\/revisions"}],"predecessor-version":[{"id":13445,"href":"https:\/\/yliopistovalinnat.fi\/sv\/wp-json\/wp\/v2\/pages\/4483\/revisions\/13445"}],"wp:attachment":[{"href":"https:\/\/yliopistovalinnat.fi\/sv\/wp-json\/wp\/v2\/media?parent=4483"}],"curies":[{"name":"wp","href":"https:\/\/api.w.org\/{rel}","templated":true}]}}