{"id":4266,"date":"2023-01-25T13:27:22","date_gmt":"2023-01-25T11:27:22","guid":{"rendered":"https:\/\/yliopistovalinnat.fi\/vallun-valintakoepisteet-palvelu"},"modified":"2025-06-25T12:19:56","modified_gmt":"2025-06-25T09:19:56","slug":"vallus-urvalsprovspoang-tjansten","status":"publish","type":"page","link":"https:\/\/yliopistovalinnat.fi\/sv\/urvalsprov\/vallus-urvalsprovspoang-tjansten","title":{"rendered":"Vallus Urvalsprovspo\u00e4ng-tj\u00e4nst"},"content":{"rendered":"[vc_row type=&#8221;full_width_background&#8221; full_screen_row_position=&#8221;middle&#8221; column_margin=&#8221;default&#8221; column_direction=&#8221;default&#8221; column_direction_tablet=&#8221;default&#8221; column_direction_phone=&#8221;default&#8221; bg_color=&#8221;#f7f7f7&#8243; bg_image=&#8221;63&#8243; bg_position=&#8221;left top&#8221; background_image_loading=&#8221;default&#8221; bg_repeat=&#8221;no-repeat&#8221; scene_position=&#8221;center&#8221; top_padding=&#8221;4%&#8221; constrain_group_1=&#8221;yes&#8221; bottom_padding=&#8221;4%&#8221; bottom_padding_phone=&#8221;9&#8243; text_color=&#8221;dark&#8221; text_align=&#8221;left&#8221; row_border_radius=&#8221;none&#8221; row_border_radius_applies=&#8221;bg&#8221; overflow=&#8221;visible&#8221; overlay_strength=&#8221;0.3&#8243; gradient_direction=&#8221;left_to_right&#8221; shape_divider_position=&#8221;bottom&#8221; bg_image_animation=&#8221;none&#8221; gradient_type=&#8221;default&#8221; shape_type=&#8221;&#8221;][vc_column column_padding=&#8221;padding-3-percent&#8221; column_padding_tablet=&#8221;inherit&#8221; column_padding_phone=&#8221;inherit&#8221; column_padding_position=&#8221;all&#8221; column_element_direction_desktop=&#8221;default&#8221; column_element_spacing=&#8221;default&#8221; desktop_text_alignment=&#8221;default&#8221; tablet_text_alignment=&#8221;default&#8221; phone_text_alignment=&#8221;default&#8221; background_color_opacity=&#8221;1&#8243; background_hover_color_opacity=&#8221;1&#8243; column_backdrop_filter=&#8221;none&#8221; column_shadow=&#8221;none&#8221; column_border_radius=&#8221;none&#8221; column_link_target=&#8221;_self&#8221; column_position=&#8221;default&#8221; gradient_direction=&#8221;left_to_right&#8221; overlay_strength=&#8221;0.3&#8243; width=&#8221;1\/1&#8243; tablet_width_inherit=&#8221;default&#8221; animation_type=&#8221;default&#8221; bg_image_animation=&#8221;none&#8221; border_type=&#8221;simple&#8221; column_border_width=&#8221;none&#8221; column_border_style=&#8221;solid&#8221; column_padding_type=&#8221;default&#8221; gradient_type=&#8221;default&#8221;][vc_custom_heading text=&#8221;Vallus Urvalsprovspo\u00e4ng-tj\u00e4nst&#8221; font_container=&#8221;tag:h1|text_align:left|color:%23032b45&#8243; use_theme_fonts=&#8221;yes&#8221;][\/vc_column][\/vc_row][vc_row type=&#8221;in_container&#8221; full_screen_row_position=&#8221;middle&#8221; column_margin=&#8221;5px&#8221; column_direction=&#8221;default&#8221; column_direction_tablet=&#8221;default&#8221; column_direction_phone=&#8221;default&#8221; scene_position=&#8221;center&#8221; top_padding=&#8221;3%&#8221; bottom_padding=&#8221;5%&#8221; top_padding_phone=&#8221;7&#8243; text_color=&#8221;dark&#8221; text_align=&#8221;left&#8221; row_border_radius=&#8221;none&#8221; row_border_radius_applies=&#8221;bg&#8221; overflow=&#8221;visible&#8221; class=&#8221;linkki&#8221; overlay_strength=&#8221;0.3&#8243; gradient_direction=&#8221;left_to_right&#8221; shape_divider_position=&#8221;bottom&#8221; bg_image_animation=&#8221;none&#8221; gradient_type=&#8221;default&#8221; shape_type=&#8221;&#8221;][vc_column column_padding=&#8221;no-extra-padding&#8221; column_padding_tablet=&#8221;inherit&#8221; column_padding_phone=&#8221;inherit&#8221; column_padding_position=&#8221;all&#8221; column_element_direction_desktop=&#8221;default&#8221; column_element_spacing=&#8221;default&#8221; desktop_text_alignment=&#8221;default&#8221; tablet_text_alignment=&#8221;default&#8221; phone_text_alignment=&#8221;default&#8221; background_color_opacity=&#8221;1&#8243; background_hover_color_opacity=&#8221;1&#8243; column_backdrop_filter=&#8221;none&#8221; column_shadow=&#8221;none&#8221; column_border_radius=&#8221;none&#8221; column_link_target=&#8221;_self&#8221; max_width_desktop=&#8221;900&#8243; column_position=&#8221;default&#8221; gradient_direction=&#8221;left_to_right&#8221; overlay_strength=&#8221;0.3&#8243; width=&#8221;1\/1&#8243; tablet_width_inherit=&#8221;default&#8221; animation_type=&#8221;default&#8221; bg_image_animation=&#8221;none&#8221; border_type=&#8221;simple&#8221; column_border_width=&#8221;none&#8221; column_border_style=&#8221;solid&#8221; column_padding_type=&#8221;default&#8221; gradient_type=&#8221;default&#8221;][vc_custom_heading text=&#8221;Var kan jag se vilka po\u00e4ng jag fick i urvalsprovet?&#8221; font_container=&#8221;tag:h2|text_align:left|color:%23032b45|line_height:1.2&#8243; use_theme_fonts=&#8221;yes&#8221; css=&#8221;&#8221;][divider line_type=&#8221;No Line&#8221; custom_height=&#8221;20&#8243;][vc_column_text css=&#8221;&#8221; text_direction=&#8221;default&#8221;]<span class=\"ui-provider vn b c d e f g h i j k l m n o p q r s t u v w x y z ab ac ae af ag ah ai aj ak\" dir=\"ltr\">Om du deltar i ett urvalsprov i Vallu-urvalsprovstj\u00e4nsten kan du titta p\u00e5 dina provsvar och po\u00e4ngs\u00e4ttningen i Urvalsprovspo\u00e4ng-tj\u00e4nsten<\/span>. Urvalsprovspo\u00e4ng-tj\u00e4nsten \u00f6ppnas 3.7.2025 kl. 12. Tj\u00e4nsten \u00e4r \u00f6ppen till 31.12.2025.<\/p>\n<ol>\n<li>G\u00e5 p\u00e5 sidan\u00a0<a href=\"https:\/\/tulokset.korkeakouluun.fi\/\">https:\/\/tulokset.korkeakouluun.fi<\/a><u>.<\/u> Tj\u00e4nsten \u00f6ppnas i juli.<\/li>\n<li>Logga in med hj\u00e4lp av stark autentisering via tj\u00e4nsten Suomi.fi.<\/li>\n<\/ol>\n<p><strong>Att logga in utan stark autentisering<\/strong><\/p>\n<p>Om du inte har m\u00f6jlighet till stark autentisering via tj\u00e4nsten Suomi.fi, kan du logga in i Urvalsprovspo\u00e4ng-tj\u00e4nsten genom den ans\u00f6kan som du l\u00e4mnade in i v\u00e5rens andra gemensamma ans\u00f6kan:<\/p>\n<ol>\n<li>N\u00e4r du l\u00e4mnade in din ans\u00f6kan fick du ett bekr\u00e4ftelsemeddelande fr\u00e5n Studieinfo (adressen\u00a0noreply@opintopolku.fi) med rubriken \u201dStudieinfo: Din ans\u00f6kan har mottagits\u201d. Leta fram meddelandet i din e-post. Kontrollera att du letar efter meddelandet i samma tj\u00e4nst vars e-postadress du uppgav i din ans\u00f6kan.<\/li>\n<li>I meddelandet finns en l\u00e4nk till din ans\u00f6kan. L\u00e4nken \u00e4r aktiv i 14 dygn. Du kan best\u00e4lla en ny l\u00e4nk genom att klicka p\u00e5 den f\u00f6r\u00e5ldrade l\u00e4nken. Det kan ta flera timmar innan du f\u00e5r l\u00e4nken till din e-post.<\/li>\n<li>\u00d6ppna din ans\u00f6kan genom att trycka p\u00e5 den nya l\u00e4nken.<\/li>\n<li>Leta fram avsnittet l\u00e4nken till Urvalsprovspo\u00e4ng-tj\u00e4nsten. L\u00e4nken f\u00f6r dig till Urvalsprovspo\u00e4ng-tj\u00e4nsten.<\/li>\n<\/ol>\n<p><span data-olk-copy-source=\"MessageBody\">Obs! I vissa av urvalsprovens uppgifter kan man ha f\u00e5tt minuspo\u00e4ng f\u00f6r fel svar. I urvalsproven A, B, C och I anv\u00e4ds f\u00f6ljande f\u00f6rfarande: ifall po\u00e4ngsumman f\u00f6r en enskild uppgift blir negativ, \u00e4ndras summan till noll i slutbed\u00f6mningen av provet. Minimipo\u00e4ngsumman f\u00f6r varje uppgift \u00e4r 0 p. I Urvalsprovspo\u00e4ng-tj\u00e4nsten syns trots det de totala po\u00e4ngen f\u00f6r en uppgift som mindre \u00e4n noll po\u00e4ng. Det verkliga po\u00e4ngantalet du f\u00e5tt i urvalsprovet som anv\u00e4nds i antagningen kan du se i tj\u00e4nsten Min Studieinfo. I urvalsproven D, E, F, G och H g\u00f6rs den h\u00e4r \u00e4ndringen inte och i tj\u00e4nsten Min Studieinfo syns ocks\u00e5 de m\u00f6jliga minuspo\u00e4ngen.<\/span>[\/vc_column_text][\/vc_column][\/vc_row]\n","protected":false},"excerpt":{"rendered":"<p>[vc_row type=&#8221;full_width_background&#8221; full_screen_row_position=&#8221;middle&#8221; column_margin=&#8221;default&#8221; column_direction=&#8221;default&#8221; column_direction_tablet=&#8221;default&#8221; column_direction_phone=&#8221;default&#8221; bg_color=&#8221;#f7f7f7&#8243; bg_image=&#8221;63&#8243; bg_position=&#8221;left top&#8221; background_image_loading=&#8221;default&#8221; bg_repeat=&#8221;no-repeat&#8221; scene_position=&#8221;center&#8221; top_padding=&#8221;4%&#8221; constrain_group_1=&#8221;yes&#8221; bottom_padding=&#8221;4%&#8221; bottom_padding_phone=&#8221;9&#8243; text_color=&#8221;dark&#8221; text_align=&#8221;left&#8221; row_border_radius=&#8221;none&#8221; row_border_radius_applies=&#8221;bg&#8221; overflow=&#8221;visible&#8221; overlay_strength=&#8221;0.3&#8243; gradient_direction=&#8221;left_to_right&#8221; shape_divider_position=&#8221;bottom&#8221; bg_image_animation=&#8221;none&#8221; gradient_type=&#8221;default&#8221; shape_type=&#8221;&#8221;][vc_column column_padding=&#8221;padding-3-percent&#8221;&#8230;<\/p>\n","protected":false},"author":2,"featured_media":0,"parent":3008,"menu_order":3,"comment_status":"closed","ping_status":"closed","template":"","meta":{"footnotes":""},"class_list":["post-4266","page","type-page","status-publish"],"yoast_head":"<!-- This site is optimized with the Yoast SEO plugin v27.3 - https:\/\/yoast.com\/product\/yoast-seo-wordpress\/ -->\n<title>Vallus Urvalsprovspo\u00e4ng-tj\u00e4nst - Yliopistovalinnat.fi<\/title>\n<meta name=\"description\" content=\"Du kan titta p\u00e5 dina provsvar och po\u00e4ngs\u00e4ttningen via Urvalsprovspo\u00e4ng-tj\u00e4nsten f\u00f6r det digitala urvalsprovet som anv\u00e4ndas i Vallu-tj\u00e4nsten.\" \/>\n<meta name=\"robots\" content=\"index, follow, max-snippet:-1, max-image-preview:large, max-video-preview:-1\" \/>\n<link rel=\"canonical\" href=\"https:\/\/yliopistovalinnat.fi\/sv\/urvalsprov\/vallus-urvalsprovspoang-tjansten\" \/>\n<meta property=\"og:locale\" content=\"sv_SE\" \/>\n<meta property=\"og:type\" content=\"article\" \/>\n<meta property=\"og:title\" content=\"Vallus Urvalsprovspo\u00e4ng-tj\u00e4nst - Yliopistovalinnat.fi\" \/>\n<meta property=\"og:description\" content=\"Du kan titta p\u00e5 dina provsvar och po\u00e4ngs\u00e4ttningen via Urvalsprovspo\u00e4ng-tj\u00e4nsten f\u00f6r det digitala urvalsprovet som anv\u00e4ndas i Vallu-tj\u00e4nsten.\" \/>\n<meta property=\"og:url\" content=\"https:\/\/yliopistovalinnat.fi\/sv\/urvalsprov\/vallus-urvalsprovspoang-tjansten\" \/>\n<meta property=\"og:site_name\" content=\"Yliopistovalinnat.fi\" \/>\n<meta property=\"article:modified_time\" content=\"2025-06-25T09:19:56+00:00\" \/>\n<meta name=\"twitter:card\" content=\"summary_large_image\" \/>\n<meta name=\"twitter:label1\" content=\"Ber\u00e4knad l\u00e4stid\" \/>\n\t<meta name=\"twitter:data1\" content=\"2 minuter\" \/>\n<script type=\"application\/ld+json\" class=\"yoast-schema-graph\">{\"@context\":\"https:\\\/\\\/schema.org\",\"@graph\":[{\"@type\":\"WebPage\",\"@id\":\"https:\\\/\\\/yliopistovalinnat.fi\\\/sv\\\/urvalsprov\\\/vallus-urvalsprovspoang-tjansten\",\"url\":\"https:\\\/\\\/yliopistovalinnat.fi\\\/sv\\\/urvalsprov\\\/vallus-urvalsprovspoang-tjansten\",\"name\":\"Vallus Urvalsprovspo\u00e4ng-tj\u00e4nst - Yliopistovalinnat.fi\",\"isPartOf\":{\"@id\":\"https:\\\/\\\/yliopistovalinnat.fi\\\/sv#website\"},\"datePublished\":\"2023-01-25T11:27:22+00:00\",\"dateModified\":\"2025-06-25T09:19:56+00:00\",\"description\":\"Du kan titta p\u00e5 dina provsvar och po\u00e4ngs\u00e4ttningen via Urvalsprovspo\u00e4ng-tj\u00e4nsten f\u00f6r det digitala urvalsprovet som anv\u00e4ndas i Vallu-tj\u00e4nsten.\",\"breadcrumb\":{\"@id\":\"https:\\\/\\\/yliopistovalinnat.fi\\\/sv\\\/urvalsprov\\\/vallus-urvalsprovspoang-tjansten#breadcrumb\"},\"inLanguage\":\"sv-SE\",\"potentialAction\":[{\"@type\":\"ReadAction\",\"target\":[\"https:\\\/\\\/yliopistovalinnat.fi\\\/sv\\\/urvalsprov\\\/vallus-urvalsprovspoang-tjansten\"]}]},{\"@type\":\"BreadcrumbList\",\"@id\":\"https:\\\/\\\/yliopistovalinnat.fi\\\/sv\\\/urvalsprov\\\/vallus-urvalsprovspoang-tjansten#breadcrumb\",\"itemListElement\":[{\"@type\":\"ListItem\",\"position\":1,\"name\":\"Etusivu\",\"item\":\"https:\\\/\\\/yliopistovalinnat.fi\\\/sv\"},{\"@type\":\"ListItem\",\"position\":2,\"name\":\"Urvalsprov\",\"item\":\"https:\\\/\\\/yliopistovalinnat.fi\\\/sv\\\/urvalsprov\"},{\"@type\":\"ListItem\",\"position\":3,\"name\":\"Vallus Urvalsprovspo\u00e4ng-tj\u00e4nst\"}]},{\"@type\":\"WebSite\",\"@id\":\"https:\\\/\\\/yliopistovalinnat.fi\\\/sv#website\",\"url\":\"https:\\\/\\\/yliopistovalinnat.fi\\\/sv\",\"name\":\"Yliopistovalinnat.fi\",\"description\":\"Yliopistojen opiskelijavalinnat\",\"publisher\":{\"@id\":\"https:\\\/\\\/yliopistovalinnat.fi\\\/sv#organization\"},\"potentialAction\":[{\"@type\":\"SearchAction\",\"target\":{\"@type\":\"EntryPoint\",\"urlTemplate\":\"https:\\\/\\\/yliopistovalinnat.fi\\\/sv?s={search_term_string}\"},\"query-input\":{\"@type\":\"PropertyValueSpecification\",\"valueRequired\":true,\"valueName\":\"search_term_string\"}}],\"inLanguage\":\"sv-SE\"},{\"@type\":\"Organization\",\"@id\":\"https:\\\/\\\/yliopistovalinnat.fi\\\/sv#organization\",\"name\":\"Yliopistovalinnat.fi\",\"url\":\"https:\\\/\\\/yliopistovalinnat.fi\\\/sv\",\"logo\":{\"@type\":\"ImageObject\",\"inLanguage\":\"sv-SE\",\"@id\":\"https:\\\/\\\/yliopistovalinnat.fi\\\/sv#\\\/schema\\\/logo\\\/image\\\/\",\"url\":\"https:\\\/\\\/yliopistovalinnat.fi\\\/wp-content\\\/uploads\\\/2022\\\/09\\\/yovalinnat_logo_512.png\",\"contentUrl\":\"https:\\\/\\\/yliopistovalinnat.fi\\\/wp-content\\\/uploads\\\/2022\\\/09\\\/yovalinnat_logo_512.png\",\"width\":512,\"height\":512,\"caption\":\"Yliopistovalinnat.fi\"},\"image\":{\"@id\":\"https:\\\/\\\/yliopistovalinnat.fi\\\/sv#\\\/schema\\\/logo\\\/image\\\/\"}}]}<\/script>\n<!-- \/ Yoast SEO plugin. -->","yoast_head_json":{"title":"Vallus Urvalsprovspo\u00e4ng-tj\u00e4nst - Yliopistovalinnat.fi","description":"Du kan titta p\u00e5 dina provsvar och po\u00e4ngs\u00e4ttningen via Urvalsprovspo\u00e4ng-tj\u00e4nsten f\u00f6r det digitala urvalsprovet som anv\u00e4ndas i Vallu-tj\u00e4nsten.","robots":{"index":"index","follow":"follow","max-snippet":"max-snippet:-1","max-image-preview":"max-image-preview:large","max-video-preview":"max-video-preview:-1"},"canonical":"https:\/\/yliopistovalinnat.fi\/sv\/urvalsprov\/vallus-urvalsprovspoang-tjansten","og_locale":"sv_SE","og_type":"article","og_title":"Vallus Urvalsprovspo\u00e4ng-tj\u00e4nst - Yliopistovalinnat.fi","og_description":"Du kan titta p\u00e5 dina provsvar och po\u00e4ngs\u00e4ttningen via Urvalsprovspo\u00e4ng-tj\u00e4nsten f\u00f6r det digitala urvalsprovet som anv\u00e4ndas i Vallu-tj\u00e4nsten.","og_url":"https:\/\/yliopistovalinnat.fi\/sv\/urvalsprov\/vallus-urvalsprovspoang-tjansten","og_site_name":"Yliopistovalinnat.fi","article_modified_time":"2025-06-25T09:19:56+00:00","twitter_card":"summary_large_image","twitter_misc":{"Ber\u00e4knad l\u00e4stid":"2 minuter"},"schema":{"@context":"https:\/\/schema.org","@graph":[{"@type":"WebPage","@id":"https:\/\/yliopistovalinnat.fi\/sv\/urvalsprov\/vallus-urvalsprovspoang-tjansten","url":"https:\/\/yliopistovalinnat.fi\/sv\/urvalsprov\/vallus-urvalsprovspoang-tjansten","name":"Vallus Urvalsprovspo\u00e4ng-tj\u00e4nst - Yliopistovalinnat.fi","isPartOf":{"@id":"https:\/\/yliopistovalinnat.fi\/sv#website"},"datePublished":"2023-01-25T11:27:22+00:00","dateModified":"2025-06-25T09:19:56+00:00","description":"Du kan titta p\u00e5 dina provsvar och po\u00e4ngs\u00e4ttningen via Urvalsprovspo\u00e4ng-tj\u00e4nsten f\u00f6r det digitala urvalsprovet som anv\u00e4ndas i Vallu-tj\u00e4nsten.","breadcrumb":{"@id":"https:\/\/yliopistovalinnat.fi\/sv\/urvalsprov\/vallus-urvalsprovspoang-tjansten#breadcrumb"},"inLanguage":"sv-SE","potentialAction":[{"@type":"ReadAction","target":["https:\/\/yliopistovalinnat.fi\/sv\/urvalsprov\/vallus-urvalsprovspoang-tjansten"]}]},{"@type":"BreadcrumbList","@id":"https:\/\/yliopistovalinnat.fi\/sv\/urvalsprov\/vallus-urvalsprovspoang-tjansten#breadcrumb","itemListElement":[{"@type":"ListItem","position":1,"name":"Etusivu","item":"https:\/\/yliopistovalinnat.fi\/sv"},{"@type":"ListItem","position":2,"name":"Urvalsprov","item":"https:\/\/yliopistovalinnat.fi\/sv\/urvalsprov"},{"@type":"ListItem","position":3,"name":"Vallus Urvalsprovspo\u00e4ng-tj\u00e4nst"}]},{"@type":"WebSite","@id":"https:\/\/yliopistovalinnat.fi\/sv#website","url":"https:\/\/yliopistovalinnat.fi\/sv","name":"Yliopistovalinnat.fi","description":"Yliopistojen opiskelijavalinnat","publisher":{"@id":"https:\/\/yliopistovalinnat.fi\/sv#organization"},"potentialAction":[{"@type":"SearchAction","target":{"@type":"EntryPoint","urlTemplate":"https:\/\/yliopistovalinnat.fi\/sv?s={search_term_string}"},"query-input":{"@type":"PropertyValueSpecification","valueRequired":true,"valueName":"search_term_string"}}],"inLanguage":"sv-SE"},{"@type":"Organization","@id":"https:\/\/yliopistovalinnat.fi\/sv#organization","name":"Yliopistovalinnat.fi","url":"https:\/\/yliopistovalinnat.fi\/sv","logo":{"@type":"ImageObject","inLanguage":"sv-SE","@id":"https:\/\/yliopistovalinnat.fi\/sv#\/schema\/logo\/image\/","url":"https:\/\/yliopistovalinnat.fi\/wp-content\/uploads\/2022\/09\/yovalinnat_logo_512.png","contentUrl":"https:\/\/yliopistovalinnat.fi\/wp-content\/uploads\/2022\/09\/yovalinnat_logo_512.png","width":512,"height":512,"caption":"Yliopistovalinnat.fi"},"image":{"@id":"https:\/\/yliopistovalinnat.fi\/sv#\/schema\/logo\/image\/"}}]}},"_links":{"self":[{"href":"https:\/\/yliopistovalinnat.fi\/sv\/wp-json\/wp\/v2\/pages\/4266","targetHints":{"allow":["GET"]}}],"collection":[{"href":"https:\/\/yliopistovalinnat.fi\/sv\/wp-json\/wp\/v2\/pages"}],"about":[{"href":"https:\/\/yliopistovalinnat.fi\/sv\/wp-json\/wp\/v2\/types\/page"}],"author":[{"embeddable":true,"href":"https:\/\/yliopistovalinnat.fi\/sv\/wp-json\/wp\/v2\/users\/2"}],"replies":[{"embeddable":true,"href":"https:\/\/yliopistovalinnat.fi\/sv\/wp-json\/wp\/v2\/comments?post=4266"}],"version-history":[{"count":8,"href":"https:\/\/yliopistovalinnat.fi\/sv\/wp-json\/wp\/v2\/pages\/4266\/revisions"}],"predecessor-version":[{"id":11407,"href":"https:\/\/yliopistovalinnat.fi\/sv\/wp-json\/wp\/v2\/pages\/4266\/revisions\/11407"}],"up":[{"embeddable":true,"href":"https:\/\/yliopistovalinnat.fi\/sv\/wp-json\/wp\/v2\/pages\/3008"}],"wp:attachment":[{"href":"https:\/\/yliopistovalinnat.fi\/sv\/wp-json\/wp\/v2\/media?parent=4266"}],"curies":[{"name":"wp","href":"https:\/\/api.w.org\/{rel}","templated":true}]}}