{"id":4194,"date":"2023-01-23T16:39:51","date_gmt":"2023-01-23T14:39:51","guid":{"rendered":"https:\/\/yliopistovalinnat.fi\/?page_id=4194"},"modified":"2026-01-26T16:11:16","modified_gmt":"2026-01-26T14:11:16","slug":"oppna-universitetsleden","status":"publish","type":"page","link":"https:\/\/yliopistovalinnat.fi\/sv\/utbildningar-ansokan\/oppna-universitetsleden","title":{"rendered":"\u00d6ppna universitetsleden"},"content":{"rendered":"[vc_row type=&#8221;full_width_background&#8221; full_screen_row_position=&#8221;middle&#8221; column_margin=&#8221;default&#8221; column_direction=&#8221;default&#8221; column_direction_tablet=&#8221;default&#8221; column_direction_phone=&#8221;default&#8221; bg_color=&#8221;#f7f7f7&#8243; bg_image=&#8221;63&#8243; bg_image_type=&#8221;default&#8221; bg_position=&#8221;left top&#8221; background_image_loading=&#8221;default&#8221; bg_repeat=&#8221;no-repeat&#8221; scene_position=&#8221;center&#8221; top_padding=&#8221;4%&#8221; constrain_group_1=&#8221;yes&#8221; bottom_padding=&#8221;4%&#8221; bottom_padding_phone=&#8221;9&#8243; text_color=&#8221;dark&#8221; text_align=&#8221;left&#8221; row_border_radius=&#8221;none&#8221; row_border_radius_applies=&#8221;bg&#8221; row_position_desktop=&#8221;default&#8221; row_position_tablet=&#8221;inherit&#8221; row_position_phone=&#8221;inherit&#8221; overflow=&#8221;visible&#8221; overlay_strength=&#8221;0.3&#8243; gradient_direction=&#8221;left_to_right&#8221; shape_divider_position=&#8221;bottom&#8221; bg_image_animation=&#8221;none&#8221; gradient_type=&#8221;default&#8221; shape_type=&#8221;&#8221;][vc_column column_padding=&#8221;padding-5-percent&#8221; column_padding_tablet=&#8221;inherit&#8221; column_padding_phone=&#8221;inherit&#8221; column_padding_position=&#8221;right&#8221; flex_gap_desktop=&#8221;10px&#8221; column_element_direction_desktop=&#8221;default&#8221; column_element_spacing=&#8221;default&#8221; desktop_text_alignment=&#8221;default&#8221; tablet_text_alignment=&#8221;default&#8221; phone_text_alignment=&#8221;default&#8221; background_color_opacity=&#8221;1&#8243; background_hover_color_opacity=&#8221;1&#8243; column_backdrop_filter=&#8221;none&#8221; column_shadow=&#8221;none&#8221; column_border_radius=&#8221;none&#8221; column_link_target=&#8221;_self&#8221; max_width_desktop=&#8221;1000&#8243; column_position=&#8221;default&#8221; gradient_direction=&#8221;left_to_right&#8221; overlay_strength=&#8221;0.3&#8243; width=&#8221;1\/1&#8243; tablet_width_inherit=&#8221;default&#8221; animation_type=&#8221;default&#8221; bg_image_animation=&#8221;none&#8221; border_type=&#8221;simple&#8221; column_border_width=&#8221;none&#8221; column_border_style=&#8221;solid&#8221; column_padding_type=&#8221;default&#8221; gradient_type=&#8221;default&#8221;][divider line_type=&#8221;No Line&#8221; custom_height=&#8221;15&#8243;][vc_custom_heading source=&#8221;post_title&#8221; font_container=&#8221;tag:h1|text_align:left|color:%23032b45&#8243; use_theme_fonts=&#8221;yes&#8221;][\/vc_column][\/vc_row][vc_row type=&#8221;in_container&#8221; full_screen_row_position=&#8221;middle&#8221; column_margin=&#8221;default&#8221; column_direction=&#8221;default&#8221; column_direction_tablet=&#8221;default&#8221; column_direction_phone=&#8221;default&#8221; scene_position=&#8221;center&#8221; top_padding=&#8221;3%&#8221; text_color=&#8221;dark&#8221; text_align=&#8221;left&#8221; row_border_radius=&#8221;none&#8221; row_border_radius_applies=&#8221;bg&#8221; row_position_desktop=&#8221;default&#8221; row_position_tablet=&#8221;inherit&#8221; row_position_phone=&#8221;inherit&#8221; overflow=&#8221;visible&#8221; id=&#8221;_Hakeminen_ja_valintatavat&#8221; overlay_strength=&#8221;0.3&#8243; gradient_direction=&#8221;left_to_right&#8221; shape_divider_position=&#8221;bottom&#8221; bg_image_animation=&#8221;none&#8221; gradient_type=&#8221;default&#8221; shape_type=&#8221;&#8221;][vc_column column_padding=&#8221;no-extra-padding&#8221; column_padding_tablet=&#8221;inherit&#8221; column_padding_phone=&#8221;inherit&#8221; column_padding_position=&#8221;all&#8221; flex_gap_desktop=&#8221;10px&#8221; column_element_direction_desktop=&#8221;default&#8221; column_element_spacing=&#8221;default&#8221; desktop_text_alignment=&#8221;default&#8221; tablet_text_alignment=&#8221;default&#8221; phone_text_alignment=&#8221;default&#8221; background_color_opacity=&#8221;1&#8243; background_hover_color_opacity=&#8221;1&#8243; column_backdrop_filter=&#8221;none&#8221; column_shadow=&#8221;none&#8221; column_border_radius=&#8221;none&#8221; column_link_target=&#8221;_self&#8221; column_position=&#8221;default&#8221; el_class=&#8221;linkki&#8221; gradient_direction=&#8221;left_to_right&#8221; overlay_strength=&#8221;0.3&#8243; width=&#8221;1\/1&#8243; tablet_width_inherit=&#8221;default&#8221; animation_type=&#8221;default&#8221; bg_image_animation=&#8221;none&#8221; border_type=&#8221;simple&#8221; column_border_width=&#8221;none&#8221; column_border_style=&#8221;solid&#8221; column_padding_type=&#8221;default&#8221; gradient_type=&#8221;default&#8221;][vc_custom_heading text=&#8221;Ans\u00f6kan p\u00e5 basis av studier vid \u00f6ppna universitetet&#8221; font_container=&#8221;tag:h2|text_align:left|color:%23032b45|line_height:1.2&#8243; use_theme_fonts=&#8221;yes&#8221;][divider line_type=&#8221;No Line&#8221;][vc_column_text css=&#8221;&#8221; max_width=&#8221;900&#8243; text_direction=&#8221;default&#8221;]I ans\u00f6kan p\u00e5 basis av studier vid \u00f6ppna universitetet hittar du de ans\u00f6kningsm\u00e5len vid de finska universiteten om man kan s\u00f6ka till p\u00e5 basis av studier vid ett \u00f6ppet universitet. Ett undantag \u00e4r de ans\u00f6kningsm\u00e5l inom det pedagogiska omr\u00e5det som ing\u00e5r i h\u00f6gskolornas andra gemensamma ans\u00f6kan. Du kan s\u00f6ka till h\u00f6gst sex olika utbildningar. Du b\u00f6r prioritera dina ans\u00f6knings\u00f6nskem\u00e5l i ans\u00f6kningsblanketten. Som f\u00f6rsta ans\u00f6kningsm\u00e5l v\u00e4ljer du den utbildning som du helst av allt \u00f6nskar bli antagen till. Du kan erbjudas bara en studieplats i ans\u00f6kan i en s\u00e5dan utbildning som du har prioriterat h\u00f6gst och till vilken din antagningsframg\u00e5ng \u00e4r tillr\u00e4cklig.<\/p>\n<p>Antagningsgrunder varierar mellan universitet och ans\u00f6kningsm\u00e5l. S\u00e4tten att l\u00e4mna in bilagor och tidtabellerna varierar ocks\u00e5 beroende p\u00e5 universitet. Om du s\u00f6ker till ans\u00f6kningsm\u00e5l vid flera universitet, kan du ha olika tidsfrister f\u00f6r bilagor. Utbildningarna som antagningen g\u00e4ller, tidtabeller och antagningsgrunderna publiceras varje \u00e5r senast i slutet av oktober i tj\u00e4nsten <a href=\"https:\/\/studieinfo.fi\/\" target=\"_blank\" rel=\"noopener\">Studieinfo.fi<\/a>.<\/p>\n<p>Antagningsresultaten f\u00f6r ans\u00f6kningsm\u00e5len vid \u00f6ppna universitetsleden f\u00e4rdigst\u00e4lls enligt universitetens egna tidtabeller. Kom ih\u00e5g att du kan ta emot endast en studieplats som leder till h\u00f6gskoleexamen i utbildning som b\u00f6rjar inom samma termin. Om du till exempel blir godk\u00e4nd b\u00e5de i den gemensamma ans\u00f6kan och \u00f6ppna universitetsleden kan du bara ta emot en av de erbjudna studieplatserna.[\/vc_column_text][\/vc_column][\/vc_row][vc_row type=&#8221;in_container&#8221; full_screen_row_position=&#8221;middle&#8221; column_margin=&#8221;default&#8221; column_direction=&#8221;default&#8221; column_direction_tablet=&#8221;default&#8221; column_direction_phone=&#8221;default&#8221; scene_position=&#8221;center&#8221; top_padding=&#8221;1%&#8221; bottom_padding=&#8221;5%&#8221; text_color=&#8221;dark&#8221; text_align=&#8221;left&#8221; row_border_radius=&#8221;none&#8221; row_border_radius_applies=&#8221;bg&#8221; row_position_desktop=&#8221;default&#8221; row_position_tablet=&#8221;inherit&#8221; row_position_phone=&#8221;inherit&#8221; overflow=&#8221;visible&#8221; id=&#8221;_Hakeminen_ja_valintatavat&#8221; overlay_strength=&#8221;0.3&#8243; gradient_direction=&#8221;left_to_right&#8221; shape_divider_position=&#8221;bottom&#8221; bg_image_animation=&#8221;none&#8221; gradient_type=&#8221;default&#8221; shape_type=&#8221;&#8221;][vc_column column_padding=&#8221;no-extra-padding&#8221; column_padding_tablet=&#8221;inherit&#8221; column_padding_phone=&#8221;inherit&#8221; column_padding_position=&#8221;all&#8221; flex_gap_desktop=&#8221;10px&#8221; column_element_direction_desktop=&#8221;default&#8221; column_element_spacing=&#8221;default&#8221; desktop_text_alignment=&#8221;default&#8221; tablet_text_alignment=&#8221;default&#8221; phone_text_alignment=&#8221;default&#8221; background_color_opacity=&#8221;1&#8243; background_hover_color_opacity=&#8221;1&#8243; column_backdrop_filter=&#8221;none&#8221; column_shadow=&#8221;none&#8221; column_border_radius=&#8221;none&#8221; column_link_target=&#8221;_self&#8221; column_position=&#8221;default&#8221; el_class=&#8221;linkki&#8221; gradient_direction=&#8221;left_to_right&#8221; overlay_strength=&#8221;0.3&#8243; width=&#8221;1\/1&#8243; tablet_width_inherit=&#8221;default&#8221; animation_type=&#8221;default&#8221; bg_image_animation=&#8221;none&#8221; border_type=&#8221;simple&#8221; column_border_width=&#8221;none&#8221; column_border_style=&#8221;solid&#8221; column_padding_type=&#8221;default&#8221; gradient_type=&#8221;default&#8221;][vc_custom_heading text=&#8221;\u00d6ppna universitetsleden \u2013 antagningsarbete inom det pedagogiska omr\u00e5det&#8221; font_container=&#8221;tag:h2|text_align:left|color:%23032b45|line_height:1.2&#8243; use_theme_fonts=&#8221;yes&#8221;][divider line_type=&#8221;No Line&#8221;][vc_column_text max_width=&#8221;900&#8243;]De ans\u00f6kningsm\u00e5l inom det pedagogiska omr\u00e5det ing\u00e5r i h\u00f6gskolornas andra gemensamma ans\u00f6kan. Bekanta dig med n\u00e4tsidan f\u00f6r <u><a href=\"https:\/\/www.helsinki.fi\/sv\/natverk\/natverket-antagningssamarbete-inom-det-pedagogiska-omradet\/ansokan\/oppna-universitetsleden-2023\" target=\"_blank\" rel=\"noopener\">\u00f6ppna universitetsleden f\u00f6r utbildningar inom det pedagogiska omr\u00e5det<\/a><\/u>.<span data-ccp-props=\"{&quot;201341983&quot;:0,&quot;335559739&quot;:160,&quot;335559740&quot;:259}\">\u00a0<\/span>[\/vc_column_text][\/vc_column][\/vc_row]\n","protected":false},"excerpt":{"rendered":"<p>[vc_row type=&#8221;full_width_background&#8221; full_screen_row_position=&#8221;middle&#8221; column_margin=&#8221;default&#8221; column_direction=&#8221;default&#8221; column_direction_tablet=&#8221;default&#8221; column_direction_phone=&#8221;default&#8221; bg_color=&#8221;#f7f7f7&#8243; bg_image=&#8221;63&#8243; bg_image_type=&#8221;default&#8221; bg_position=&#8221;left top&#8221; background_image_loading=&#8221;default&#8221; bg_repeat=&#8221;no-repeat&#8221; scene_position=&#8221;center&#8221; top_padding=&#8221;4%&#8221; constrain_group_1=&#8221;yes&#8221; bottom_padding=&#8221;4%&#8221; bottom_padding_phone=&#8221;9&#8243; text_color=&#8221;dark&#8221; text_align=&#8221;left&#8221; row_border_radius=&#8221;none&#8221; row_border_radius_applies=&#8221;bg&#8221; row_position_desktop=&#8221;default&#8221; row_position_tablet=&#8221;inherit&#8221; row_position_phone=&#8221;inherit&#8221; overflow=&#8221;visible&#8221; overlay_strength=&#8221;0.3&#8243; gradient_direction=&#8221;left_to_right&#8221; shape_divider_position=&#8221;bottom&#8221;&#8230;<\/p>\n","protected":false},"author":2,"featured_media":0,"parent":2944,"menu_order":1,"comment_status":"closed","ping_status":"closed","template":"","meta":{"footnotes":""},"class_list":["post-4194","page","type-page","status-publish"],"yoast_head":"<!-- This site is optimized with the Yoast SEO plugin v27.4 - https:\/\/yoast.com\/product\/yoast-seo-wordpress\/ -->\n<title>\u00d6ppna universitetsleden - Yliopistovalinnat.fi<\/title>\n<meta name=\"description\" content=\"Avoimen v\u00e4yl\u00e4 -sivulta l\u00f6yd\u00e4t tietoa yliopistojen yhteisest\u00e4 avoimen v\u00e4yl\u00e4n erillishausta.\" \/>\n<meta name=\"robots\" content=\"index, follow, max-snippet:-1, max-image-preview:large, max-video-preview:-1\" \/>\n<link rel=\"canonical\" href=\"https:\/\/yliopistovalinnat.fi\/sv\/utbildningar-ansokan\/oppna-universitetsleden\" \/>\n<meta property=\"og:locale\" content=\"sv_SE\" \/>\n<meta property=\"og:type\" content=\"article\" \/>\n<meta property=\"og:title\" content=\"\u00d6ppna universitetsleden - Yliopistovalinnat.fi\" \/>\n<meta property=\"og:description\" content=\"Avoimen v\u00e4yl\u00e4 -sivulta l\u00f6yd\u00e4t tietoa yliopistojen yhteisest\u00e4 avoimen v\u00e4yl\u00e4n erillishausta.\" \/>\n<meta property=\"og:url\" content=\"https:\/\/yliopistovalinnat.fi\/sv\/utbildningar-ansokan\/oppna-universitetsleden\" \/>\n<meta property=\"og:site_name\" content=\"Yliopistovalinnat.fi\" \/>\n<meta property=\"article:modified_time\" content=\"2026-01-26T14:11:16+00:00\" \/>\n<meta name=\"twitter:card\" content=\"summary_large_image\" \/>\n<meta name=\"twitter:label1\" content=\"Ber\u00e4knad l\u00e4stid\" \/>\n\t<meta name=\"twitter:data1\" content=\"2 minuter\" \/>\n<script type=\"application\/ld+json\" class=\"yoast-schema-graph\">{\"@context\":\"https:\\\/\\\/schema.org\",\"@graph\":[{\"@type\":\"WebPage\",\"@id\":\"https:\\\/\\\/yliopistovalinnat.fi\\\/sv\\\/utbildningar-ansokan\\\/oppna-universitetsleden\",\"url\":\"https:\\\/\\\/yliopistovalinnat.fi\\\/sv\\\/utbildningar-ansokan\\\/oppna-universitetsleden\",\"name\":\"\u00d6ppna universitetsleden - Yliopistovalinnat.fi\",\"isPartOf\":{\"@id\":\"https:\\\/\\\/yliopistovalinnat.fi\\\/sv#website\"},\"datePublished\":\"2023-01-23T14:39:51+00:00\",\"dateModified\":\"2026-01-26T14:11:16+00:00\",\"description\":\"Avoimen v\u00e4yl\u00e4 -sivulta l\u00f6yd\u00e4t tietoa yliopistojen yhteisest\u00e4 avoimen v\u00e4yl\u00e4n erillishausta.\",\"breadcrumb\":{\"@id\":\"https:\\\/\\\/yliopistovalinnat.fi\\\/sv\\\/utbildningar-ansokan\\\/oppna-universitetsleden#breadcrumb\"},\"inLanguage\":\"sv-SE\",\"potentialAction\":[{\"@type\":\"ReadAction\",\"target\":[\"https:\\\/\\\/yliopistovalinnat.fi\\\/sv\\\/utbildningar-ansokan\\\/oppna-universitetsleden\"]}]},{\"@type\":\"BreadcrumbList\",\"@id\":\"https:\\\/\\\/yliopistovalinnat.fi\\\/sv\\\/utbildningar-ansokan\\\/oppna-universitetsleden#breadcrumb\",\"itemListElement\":[{\"@type\":\"ListItem\",\"position\":1,\"name\":\"Etusivu\",\"item\":\"https:\\\/\\\/yliopistovalinnat.fi\\\/sv\"},{\"@type\":\"ListItem\",\"position\":2,\"name\":\"Utbildningar &#038; ans\u00f6kan\",\"item\":\"https:\\\/\\\/yliopistovalinnat.fi\\\/sv\\\/utbildningar-ansokan\"},{\"@type\":\"ListItem\",\"position\":3,\"name\":\"\u00d6ppna universitetsleden\"}]},{\"@type\":\"WebSite\",\"@id\":\"https:\\\/\\\/yliopistovalinnat.fi\\\/sv#website\",\"url\":\"https:\\\/\\\/yliopistovalinnat.fi\\\/sv\",\"name\":\"Yliopistovalinnat.fi\",\"description\":\"Yliopistojen opiskelijavalinnat\",\"publisher\":{\"@id\":\"https:\\\/\\\/yliopistovalinnat.fi\\\/sv#organization\"},\"potentialAction\":[{\"@type\":\"SearchAction\",\"target\":{\"@type\":\"EntryPoint\",\"urlTemplate\":\"https:\\\/\\\/yliopistovalinnat.fi\\\/sv?s={search_term_string}\"},\"query-input\":{\"@type\":\"PropertyValueSpecification\",\"valueRequired\":true,\"valueName\":\"search_term_string\"}}],\"inLanguage\":\"sv-SE\"},{\"@type\":\"Organization\",\"@id\":\"https:\\\/\\\/yliopistovalinnat.fi\\\/sv#organization\",\"name\":\"Yliopistovalinnat.fi\",\"url\":\"https:\\\/\\\/yliopistovalinnat.fi\\\/sv\",\"logo\":{\"@type\":\"ImageObject\",\"inLanguage\":\"sv-SE\",\"@id\":\"https:\\\/\\\/yliopistovalinnat.fi\\\/sv#\\\/schema\\\/logo\\\/image\\\/\",\"url\":\"https:\\\/\\\/yliopistovalinnat.fi\\\/wp-content\\\/uploads\\\/2022\\\/09\\\/yovalinnat_logo_512.png\",\"contentUrl\":\"https:\\\/\\\/yliopistovalinnat.fi\\\/wp-content\\\/uploads\\\/2022\\\/09\\\/yovalinnat_logo_512.png\",\"width\":512,\"height\":512,\"caption\":\"Yliopistovalinnat.fi\"},\"image\":{\"@id\":\"https:\\\/\\\/yliopistovalinnat.fi\\\/sv#\\\/schema\\\/logo\\\/image\\\/\"}}]}<\/script>\n<!-- \/ Yoast SEO plugin. -->","yoast_head_json":{"title":"\u00d6ppna universitetsleden - Yliopistovalinnat.fi","description":"Avoimen v\u00e4yl\u00e4 -sivulta l\u00f6yd\u00e4t tietoa yliopistojen yhteisest\u00e4 avoimen v\u00e4yl\u00e4n erillishausta.","robots":{"index":"index","follow":"follow","max-snippet":"max-snippet:-1","max-image-preview":"max-image-preview:large","max-video-preview":"max-video-preview:-1"},"canonical":"https:\/\/yliopistovalinnat.fi\/sv\/utbildningar-ansokan\/oppna-universitetsleden","og_locale":"sv_SE","og_type":"article","og_title":"\u00d6ppna universitetsleden - Yliopistovalinnat.fi","og_description":"Avoimen v\u00e4yl\u00e4 -sivulta l\u00f6yd\u00e4t tietoa yliopistojen yhteisest\u00e4 avoimen v\u00e4yl\u00e4n erillishausta.","og_url":"https:\/\/yliopistovalinnat.fi\/sv\/utbildningar-ansokan\/oppna-universitetsleden","og_site_name":"Yliopistovalinnat.fi","article_modified_time":"2026-01-26T14:11:16+00:00","twitter_card":"summary_large_image","twitter_misc":{"Ber\u00e4knad l\u00e4stid":"2 minuter"},"schema":{"@context":"https:\/\/schema.org","@graph":[{"@type":"WebPage","@id":"https:\/\/yliopistovalinnat.fi\/sv\/utbildningar-ansokan\/oppna-universitetsleden","url":"https:\/\/yliopistovalinnat.fi\/sv\/utbildningar-ansokan\/oppna-universitetsleden","name":"\u00d6ppna universitetsleden - Yliopistovalinnat.fi","isPartOf":{"@id":"https:\/\/yliopistovalinnat.fi\/sv#website"},"datePublished":"2023-01-23T14:39:51+00:00","dateModified":"2026-01-26T14:11:16+00:00","description":"Avoimen v\u00e4yl\u00e4 -sivulta l\u00f6yd\u00e4t tietoa yliopistojen yhteisest\u00e4 avoimen v\u00e4yl\u00e4n erillishausta.","breadcrumb":{"@id":"https:\/\/yliopistovalinnat.fi\/sv\/utbildningar-ansokan\/oppna-universitetsleden#breadcrumb"},"inLanguage":"sv-SE","potentialAction":[{"@type":"ReadAction","target":["https:\/\/yliopistovalinnat.fi\/sv\/utbildningar-ansokan\/oppna-universitetsleden"]}]},{"@type":"BreadcrumbList","@id":"https:\/\/yliopistovalinnat.fi\/sv\/utbildningar-ansokan\/oppna-universitetsleden#breadcrumb","itemListElement":[{"@type":"ListItem","position":1,"name":"Etusivu","item":"https:\/\/yliopistovalinnat.fi\/sv"},{"@type":"ListItem","position":2,"name":"Utbildningar &#038; ans\u00f6kan","item":"https:\/\/yliopistovalinnat.fi\/sv\/utbildningar-ansokan"},{"@type":"ListItem","position":3,"name":"\u00d6ppna universitetsleden"}]},{"@type":"WebSite","@id":"https:\/\/yliopistovalinnat.fi\/sv#website","url":"https:\/\/yliopistovalinnat.fi\/sv","name":"Yliopistovalinnat.fi","description":"Yliopistojen opiskelijavalinnat","publisher":{"@id":"https:\/\/yliopistovalinnat.fi\/sv#organization"},"potentialAction":[{"@type":"SearchAction","target":{"@type":"EntryPoint","urlTemplate":"https:\/\/yliopistovalinnat.fi\/sv?s={search_term_string}"},"query-input":{"@type":"PropertyValueSpecification","valueRequired":true,"valueName":"search_term_string"}}],"inLanguage":"sv-SE"},{"@type":"Organization","@id":"https:\/\/yliopistovalinnat.fi\/sv#organization","name":"Yliopistovalinnat.fi","url":"https:\/\/yliopistovalinnat.fi\/sv","logo":{"@type":"ImageObject","inLanguage":"sv-SE","@id":"https:\/\/yliopistovalinnat.fi\/sv#\/schema\/logo\/image\/","url":"https:\/\/yliopistovalinnat.fi\/wp-content\/uploads\/2022\/09\/yovalinnat_logo_512.png","contentUrl":"https:\/\/yliopistovalinnat.fi\/wp-content\/uploads\/2022\/09\/yovalinnat_logo_512.png","width":512,"height":512,"caption":"Yliopistovalinnat.fi"},"image":{"@id":"https:\/\/yliopistovalinnat.fi\/sv#\/schema\/logo\/image\/"}}]}},"_links":{"self":[{"href":"https:\/\/yliopistovalinnat.fi\/sv\/wp-json\/wp\/v2\/pages\/4194","targetHints":{"allow":["GET"]}}],"collection":[{"href":"https:\/\/yliopistovalinnat.fi\/sv\/wp-json\/wp\/v2\/pages"}],"about":[{"href":"https:\/\/yliopistovalinnat.fi\/sv\/wp-json\/wp\/v2\/types\/page"}],"author":[{"embeddable":true,"href":"https:\/\/yliopistovalinnat.fi\/sv\/wp-json\/wp\/v2\/users\/2"}],"replies":[{"embeddable":true,"href":"https:\/\/yliopistovalinnat.fi\/sv\/wp-json\/wp\/v2\/comments?post=4194"}],"version-history":[{"count":6,"href":"https:\/\/yliopistovalinnat.fi\/sv\/wp-json\/wp\/v2\/pages\/4194\/revisions"}],"predecessor-version":[{"id":13242,"href":"https:\/\/yliopistovalinnat.fi\/sv\/wp-json\/wp\/v2\/pages\/4194\/revisions\/13242"}],"up":[{"embeddable":true,"href":"https:\/\/yliopistovalinnat.fi\/sv\/wp-json\/wp\/v2\/pages\/2944"}],"wp:attachment":[{"href":"https:\/\/yliopistovalinnat.fi\/sv\/wp-json\/wp\/v2\/media?parent=4194"}],"curies":[{"name":"wp","href":"https:\/\/api.w.org\/{rel}","templated":true}]}}